{"id":26829,"date":"2023-03-20T19:48:53","date_gmt":"2023-03-20T18:48:53","guid":{"rendered":"https:\/\/www.viennaguide.info\/precios\/"},"modified":"2025-11-27T23:09:56","modified_gmt":"2025-11-27T22:09:56","slug":"precios","status":"publish","type":"page","link":"https:\/\/www.viennaguide.info\/es\/precios\/","title":{"rendered":"Precios"},"content":{"rendered":"<p>[et_pb_section fb_built=\u00bb1&#8243; _builder_version=\u00bb4.20.2&#8243; _module_preset=\u00bbdefault\u00bb background_color=\u00bbgcid-f3357dc4-b811-4777-a6d4-e37149087a84&#8243; custom_margin=\u00bb0px||0px||true|false\u00bb custom_padding=\u00bb0px||0px||true|false\u00bb global_colors_info=\u00bb{%22gcid-f3357dc4-b811-4777-a6d4-e37149087a84%22:%91%22background_color%22%93}\u00bb][et_pb_row _builder_version=\u00bb4.20.2&#8243; _module_preset=\u00bbdefault\u00bb custom_margin=\u00bb0px||0px||true|false\u00bb custom_padding=\u00bb0px||0px||true|false\u00bb global_colors_info=\u00bb{}\u00bb][et_pb_column type=\u00bb4_4&#8243; _builder_version=\u00bb4.20.2&#8243; _module_preset=\u00bbdefault\u00bb global_colors_info=\u00bb{}\u00bb][et_pb_text admin_label=\u00bbPreise Vienna Guide\u00bb _builder_version=\u00bb4.20.2&#8243; _module_preset=\u00bbdefault\u00bb text_font=\u00bbPoppins|||||on|||\u00bb header_font=\u00bb|600||||on|||\u00bb header_font_size=\u00bb50px\u00bb header_line_height=\u00bb1.2em\u00bb background_layout=\u00bbdark\u00bb module_alignment=\u00bbleft\u00bb custom_padding=\u00bb30px||20px||false|false\u00bb animation_style=\u00bbfade\u00bb animation_duration=\u00bb500ms\u00bb header_font_size_tablet=\u00bb30px\u00bb header_font_size_phone=\u00bb30px\u00bb header_font_size_last_edited=\u00bbon|desktop\u00bb global_colors_info=\u00bb{%22gcid-a373ad0d-afa2-4fcc-a98c-a1077612b308%22:%91%22header_text_color%22%93}\u00bb]<\/p>\n<h1>Precios Vienna Guide<br \/>Dr. Brigitte Roth<\/h1>\n<p>[\/et_pb_text][\/et_pb_column][\/et_pb_row][\/et_pb_section][et_pb_section fb_built=\u00bb1&#8243; admin_label=\u00bbGet In Touch Section\u00bb _builder_version=\u00bb4.16&#8243; background_color=\u00bb#1e1d1c\u00bb custom_padding=\u00bb75px||75px||true|false\u00bb global_colors_info=\u00bb{}\u00bb][et_pb_row admin_label=\u00bbGet In Touch Area\u00bb _builder_version=\u00bb4.20.2&#8243; module_alignment=\u00bbcenter\u00bb custom_padding=\u00bb||10px|\u00bb global_colors_info=\u00bb{}\u00bb][et_pb_column type=\u00bb4_4&#8243; _builder_version=\u00bb4.16&#8243; custom_padding=\u00bb|||\u00bb global_colors_info=\u00bb{}\u00bb custom_padding__hover=\u00bb|||\u00bb][et_pb_text admin_label=\u00bbPreise f\u00fcr meine Touren\u00bb _builder_version=\u00bb4.20.4&#8243; _module_preset=\u00bbdefault\u00bb link_text_color=\u00bbgcid-f3357dc4-b811-4777-a6d4-e37149087a84&#8243; header_2_text_color=\u00bbgcid-a373ad0d-afa2-4fcc-a98c-a1077612b308&#8243; header_3_text_color=\u00bbgcid-a373ad0d-afa2-4fcc-a98c-a1077612b308&#8243; global_colors_info=\u00bb{%22gcid-f3357dc4-b811-4777-a6d4-e37149087a84%22:%91%22link_text_color%22,%22link_text_color__hover%22%93,%22gcid-a373ad0d-afa2-4fcc-a98c-a1077612b308%22:%91%22header_2_text_color%22,%22header_3_text_color%22%93}\u00bb link_text_color__hover_enabled=\u00bbon|hover\u00bb link_text_color__hover=\u00bb#fdb467&#8243;]<\/p>\n<h2>Precios de mis tours<\/h2>\n<p><strong>Tour<span>\u00a0<\/span>2-3 horas:<\/strong> \u20ac 250.-<br \/><strong>Tour<span>\u00a0<\/span>4 horas:<\/strong> \u20ac 340.-<br \/><strong>Tour<span>\u00a0<\/span>8 horas:<\/strong> \u20ac 680.-<br \/><strong>Tour<span>\u00a0<\/span>10 horas:<\/strong> \u20ac 840.-<br \/><strong>Horas adicionales:<\/strong> \u20ac 90.-<\/p>\n<p>Servicio de gu\u00eda durante varios d\u00edas, elaboraci\u00f3n del tour y descuentos para grupos escolares. Pide informaci\u00f3n.<\/p>\n<p>Los precios no contienen costos adicionales como entradas, parking, transporte etc.<br \/>Los honorarios se pagan al contado despu\u00e9s del tour o con transferencia bancaria antes del tour.<\/p>\n<p>[\/et_pb_text][et_pb_text admin_label=\u00bbStornobedingungen\u00bb _builder_version=\u00bb4.20.2&#8243; _module_preset=\u00bbdefault\u00bb link_text_color=\u00bbgcid-f3357dc4-b811-4777-a6d4-e37149087a84&#8243; header_2_text_color=\u00bbgcid-a373ad0d-afa2-4fcc-a98c-a1077612b308&#8243; header_3_text_color=\u00bbgcid-a373ad0d-afa2-4fcc-a98c-a1077612b308&#8243; custom_margin=\u00bb50px||||false|false\u00bb global_colors_info=\u00bb{%22gcid-f3357dc4-b811-4777-a6d4-e37149087a84%22:%91%22link_text_color%22,%22link_text_color__hover%22%93,%22gcid-a373ad0d-afa2-4fcc-a98c-a1077612b308%22:%91%22header_2_text_color%22,%22header_3_text_color%22%93}\u00bb link_text_color__hover_enabled=\u00bbon|hover\u00bb link_text_color__hover=\u00bb#fdb467&#8243;]<\/p>\n<h2>Reglas de cancelaci\u00f3n<\/h2>\n<p>hasta 14 d\u00edas antes del tour 0%<br \/>hasta 3 d\u00edas antes 50%<br \/>despu\u00e9s 100% del precio<\/p>\n<p>[\/et_pb_text][\/et_pb_column][\/et_pb_row][\/et_pb_section]<\/p>\n","protected":false},"excerpt":{"rendered":"<p>Precios Vienna GuideDr. Brigitte RothPrecios de mis tours Tour\u00a02-3 horas: \u20ac 250.-Tour\u00a04 horas: \u20ac 340.-Tour\u00a08 horas: \u20ac 680.-Tour\u00a010 horas: \u20ac 840.-Horas adicionales: \u20ac 90.- Servicio de gu\u00eda durante varios d\u00edas, elaboraci\u00f3n del tour y descuentos para grupos escolares. Pide informaci\u00f3n. Los precios no contienen costos adicionales como entradas, parking, transporte etc.Los honorarios se pagan al [&hellip;]<\/p>\n","protected":false},"author":1,"featured_media":0,"parent":0,"menu_order":40,"comment_status":"closed","ping_status":"closed","template":"","meta":{"_et_pb_use_builder":"on","_et_pb_old_content":"","_et_gb_content_width":"","footnotes":""},"class_list":["post-26829","page","type-page","status-publish","hentry"],"_links":{"self":[{"href":"https:\/\/www.viennaguide.info\/es\/wp-json\/wp\/v2\/pages\/26829","targetHints":{"allow":["GET"]}}],"collection":[{"href":"https:\/\/www.viennaguide.info\/es\/wp-json\/wp\/v2\/pages"}],"about":[{"href":"https:\/\/www.viennaguide.info\/es\/wp-json\/wp\/v2\/types\/page"}],"author":[{"embeddable":true,"href":"https:\/\/www.viennaguide.info\/es\/wp-json\/wp\/v2\/users\/1"}],"replies":[{"embeddable":true,"href":"https:\/\/www.viennaguide.info\/es\/wp-json\/wp\/v2\/comments?post=26829"}],"version-history":[{"count":15,"href":"https:\/\/www.viennaguide.info\/es\/wp-json\/wp\/v2\/pages\/26829\/revisions"}],"predecessor-version":[{"id":30286,"href":"https:\/\/www.viennaguide.info\/es\/wp-json\/wp\/v2\/pages\/26829\/revisions\/30286"}],"wp:attachment":[{"href":"https:\/\/www.viennaguide.info\/es\/wp-json\/wp\/v2\/media?parent=26829"}],"curies":[{"name":"wp","href":"https:\/\/api.w.org\/{rel}","templated":true}]}}