{"id":26876,"date":"2020-12-30T12:58:44","date_gmt":"2020-12-30T11:58:44","guid":{"rendered":"https:\/\/www.viennaguide.info\/home\/"},"modified":"2024-04-20T13:50:27","modified_gmt":"2024-04-20T11:50:27","slug":"home","status":"publish","type":"page","link":"https:\/\/www.viennaguide.info\/es\/","title":{"rendered":"Home"},"content":{"rendered":"<p>[et_pb_section fb_built=\u00bb1&#8243; fullwidth=\u00bbon\u00bb _builder_version=\u00bb4.22.0&#8243; _module_preset=\u00bbdefault\u00bb global_colors_info=\u00bb{}\u00bb][et_pb_fullwidth_code disabled_on=\u00bbon|on|on\u00bb _builder_version=\u00bb4.22.0&#8243; _module_preset=\u00bbdefault\u00bb disabled=\u00bbon\u00bb locked=\u00bbon\u00bb global_colors_info=\u00bb{}\u00bb][\/et_pb_fullwidth_code][\/et_pb_section][et_pb_section fb_built=\u00bb1&#8243; _builder_version=\u00bb4.22.2&#8243; _module_preset=\u00bbdefault\u00bb background_color=\u00bb#666666&#8243; width=\u00bb100%\u00bb height=\u00bb800px\u00bb height_tablet=\u00bb120px\u00bb height_phone=\u00bb\u00bb height_last_edited=\u00bbon|phone\u00bb custom_margin=\u00bb0px||0px||false|false\u00bb custom_padding=\u00bb0px||0px||false|false\u00bb hover_enabled=\u00bb0&#8243; locked=\u00bboff\u00bb global_colors_info=\u00bb{}\u00bb sticky_enabled=\u00bb0&#8243;][et_pb_row _builder_version=\u00bb4.22.2&#8243; _module_preset=\u00bbdefault\u00bb width=\u00bb100%\u00bb max_width=\u00bb5000px\u00bb custom_margin=\u00bb0px||0px||false|false\u00bb custom_padding=\u00bb0px||0px||false|false\u00bb global_colors_info=\u00bb{}\u00bb][et_pb_column type=\u00bb4_4&#8243; _builder_version=\u00bb4.22.2&#8243; _module_preset=\u00bbdefault\u00bb global_colors_info=\u00bb{}\u00bb][et_pb_slider _builder_version=\u00bb4.22.2&#8243; _module_preset=\u00bbdefault\u00bb min_height=\u00bb829px\u00bb min_height_tablet=\u00bb393px\u00bb min_height_phone=\u00bb\u00bb min_height_last_edited=\u00bbon|phone\u00bb height=\u00bb134px\u00bb hover_enabled=\u00bb0&#8243; global_colors_info=\u00bb{}\u00bb sticky_enabled=\u00bb0&#8243;][et_pb_slide heading=\u00bbServus in Wien\u00bb _builder_version=\u00bb4.22.2&#8243; _module_preset=\u00bbdefault\u00bb header_font=\u00bb|700|||||||\u00bb header_font_size=\u00bb89px\u00bb background_image=\u00bbhttps:\/\/www.viennaguide.info\/wp-content\/uploads\/2023\/08\/tour-guide-brigitte-roth-s1.jpg\u00bb background_enable_image=\u00bbon\u00bb header_font_size_tablet=\u00bb74px\u00bb header_font_size_phone=\u00bb34px\u00bb header_font_size_last_edited=\u00bbon|phone\u00bb global_colors_info=\u00bb{}\u00bb sticky_transition=\u00bbon\u00bb][\/et_pb_slide][et_pb_slide heading=\u00bbWelcome in Vienna\u00bb _builder_version=\u00bb4.22.2&#8243; _module_preset=\u00bbdefault\u00bb header_font=\u00bb|700|||||||\u00bb header_font_size=\u00bb89px\u00bb background_image=\u00bbhttps:\/\/www.viennaguide.info\/wp-content\/uploads\/2023\/08\/tour-guide-brigitte-roth-s2.jpg\u00bb background_enable_image=\u00bbon\u00bb hover_enabled=\u00bb0&#8243; header_font_size_tablet=\u00bb74px\u00bb header_font_size_phone=\u00bb34px\u00bb header_font_size_last_edited=\u00bbon|phone\u00bb global_colors_info=\u00bb{}\u00bb sticky_transition=\u00bbon\u00bb sticky_enabled=\u00bb0&#8243; title_text=\u00bbtour-guide-brigitte-roth-s2&#8243;][\/et_pb_slide][et_pb_slide heading=\u00bbBienvenue \u00e0 Vienne\u00bb _builder_version=\u00bb4.22.2&#8243; _module_preset=\u00bbdefault\u00bb header_font=\u00bb|700|||||||\u00bb header_font_size=\u00bb89px\u00bb background_image=\u00bbhttps:\/\/www.viennaguide.info\/wp-content\/uploads\/2023\/08\/tour-guide-brigitte-roth-s3.jpg\u00bb background_enable_image=\u00bbon\u00bb hover_enabled=\u00bb0&#8243; header_font_size_tablet=\u00bb74px\u00bb header_font_size_phone=\u00bb34px\u00bb header_font_size_last_edited=\u00bbon|phone\u00bb global_colors_info=\u00bb{}\u00bb sticky_transition=\u00bbon\u00bb title_text=\u00bbtour-guide-brigitte-roth-s3&#8243; sticky_enabled=\u00bb0&#8243;][\/et_pb_slide][et_pb_slide heading=\u00bbBenvenuti a Vienna\u00bb _builder_version=\u00bb4.22.2&#8243; _module_preset=\u00bbdefault\u00bb header_font=\u00bb|700|||||||\u00bb header_font_size=\u00bb89px\u00bb background_image=\u00bbhttps:\/\/www.viennaguide.info\/wp-content\/uploads\/2023\/08\/tour-guide-brigitte-roth-s4.jpg\u00bb background_enable_image=\u00bbon\u00bb hover_enabled=\u00bb0&#8243; header_font_size_tablet=\u00bb74px\u00bb header_font_size_phone=\u00bb34px\u00bb header_font_size_last_edited=\u00bbon|phone\u00bb global_colors_info=\u00bb{}\u00bb sticky_transition=\u00bbon\u00bb title_text=\u00bbtour-guide-brigitte-roth-s4&#8243; sticky_enabled=\u00bb0&#8243;][\/et_pb_slide][et_pb_slide heading=\u00bbBienvenidos a Viena\u00bb _builder_version=\u00bb4.22.2&#8243; _module_preset=\u00bbdefault\u00bb header_font=\u00bb|700|||||||\u00bb header_font_size=\u00bb89px\u00bb background_image=\u00bbhttps:\/\/www.viennaguide.info\/wp-content\/uploads\/2023\/08\/tour-guide-brigitte-roth-s1.jpg\u00bb background_enable_image=\u00bbon\u00bb hover_enabled=\u00bb0&#8243; header_font_size_tablet=\u00bb74px\u00bb header_font_size_phone=\u00bb34px\u00bb header_font_size_last_edited=\u00bbon|phone\u00bb global_colors_info=\u00bb{}\u00bb sticky_transition=\u00bbon\u00bb sticky_enabled=\u00bb0&#8243;][\/et_pb_slide][et_pb_slide heading=\u00bbBem vindo a Viena\u00bb _builder_version=\u00bb4.22.2&#8243; _module_preset=\u00bbdefault\u00bb header_font=\u00bb|700|||||||\u00bb header_font_size=\u00bb89px\u00bb background_image=\u00bbhttps:\/\/www.viennaguide.info\/wp-content\/uploads\/2023\/08\/tour-guide-brigitte-roth-s2.jpg\u00bb background_enable_image=\u00bbon\u00bb hover_enabled=\u00bb0&#8243; header_font_size_tablet=\u00bb74px\u00bb header_font_size_phone=\u00bb34px\u00bb header_font_size_last_edited=\u00bbon|phone\u00bb global_colors_info=\u00bb{}\u00bb sticky_transition=\u00bbon\u00bb title_text=\u00bbtour-guide-brigitte-roth-s2&#8243; sticky_enabled=\u00bb0&#8243;][\/et_pb_slide][\/et_pb_slider][\/et_pb_column][\/et_pb_row][\/et_pb_section][et_pb_section fb_built=\u00bb1&#8243; admin_label=\u00bbAbout Section\u00bb _builder_version=\u00bb4.16&#8243; max_width_tablet=\u00bb\u00bb max_width_phone=\u00bb\u00bb max_width_last_edited=\u00bbon|phone\u00bb custom_margin=\u00bb0px|0px|0px|0px|true|true\u00bb custom_padding=\u00bb0px|0px|0px|0px|true|true\u00bb global_colors_info=\u00bb{}\u00bb][et_pb_row column_structure=\u00bb2_5,3_5&#8243; use_custom_gutter=\u00bbon\u00bb gutter_width=\u00bb0&#8243; make_equal=\u00bbon\u00bb admin_label=\u00bbTouren Area\u00bb module_class=\u00bb et_pb_row_fullwidth\u00bb _builder_version=\u00bb4.22.2&#8243; width=\u00bb100%\u00bb width_tablet=\u00bb100%\u00bb width_phone=\u00bb\u00bb width_last_edited=\u00bbon|desktop\u00bb max_width=\u00bb100%\u00bb max_width_tablet=\u00bb100%\u00bb max_width_phone=\u00bb\u00bb max_width_last_edited=\u00bbon|desktop\u00bb min_height=\u00bb716px\u00bb custom_margin=\u00bb0px|auto|0px|auto|true|false\u00bb custom_padding=\u00bb0px||0px|\u00bb make_fullwidth=\u00bbon\u00bb global_colors_info=\u00bb{}\u00bb][et_pb_column type=\u00bb2_5&#8243; _builder_version=\u00bb4.22.2&#8243; background_color=\u00bbgcid-95a1100f-d76e-4c5b-920b-d4740e330923&#8243; custom_padding=\u00bb12%|3%|12%|3%|true|true\u00bb custom_padding_tablet=\u00bb12%|3%|12%|3%|true|true\u00bb custom_padding_phone=\u00bb12%|3%|12%|3%|true|true\u00bb custom_padding_last_edited=\u00bbon|desktop\u00bb global_colors_info=\u00bb{%22gcid-95a1100f-d76e-4c5b-920b-d4740e330923%22:%91%22background_color%22%93}\u00bb custom_padding__hover=\u00bb|||\u00bb][et_pb_text admin_label=\u00bbTitle\u00bb _builder_version=\u00bb4.22.2&#8243; header_font=\u00bb||||||||\u00bb header_2_font=\u00bbPoppins|600|||||||\u00bb header_2_text_align=\u00bbcenter\u00bb header_2_font_size=\u00bb36px\u00bb header_2_line_height=\u00bb1.2em\u00bb background_layout=\u00bbdark\u00bb animation_direction=\u00bbleft\u00bb global_colors_info=\u00bb{}\u00bb]<\/p>\n<h2>Visita<\/h2>\n<p>[\/et_pb_text][et_pb_divider divider_position=\u00bbcenter\u00bb divider_weight=\u00bb3px\u00bb _builder_version=\u00bb4.20.1&#8243; max_width=\u00bb50px\u00bb module_alignment=\u00bbcenter\u00bb animation_direction=\u00bbtop\u00bb locked=\u00bboff\u00bb global_colors_info=\u00bb{}\u00bb][\/et_pb_divider][et_pb_text _builder_version=\u00bb4.22.2&#8243; text_font=\u00bb||||||||\u00bb text_text_color=\u00bb#FFFFFF\u00bb text_line_height=\u00bb1.8em\u00bb text_orientation=\u00bbcenter\u00bb background_layout=\u00bbdark\u00bb custom_margin=\u00bb25px|||\u00bb animation_direction=\u00bbleft\u00bb global_colors_info=\u00bb{}\u00bb]<\/p>\n<p>Tanto se visita Viena individualmente como en grupo, le acompa\u00f1ar\u00e9 con mucho gusto por los museos cl\u00e1sicos o si lo prefiere por los lugares m\u00e1s escondidos. Adem\u00e1s, dependiendo de sus intereses personales podemos elaborar sus visitas o tambi\u00e9n crear juntos visitas regalo para familiares, amigos o compa\u00f1eros.<\/p>\n<p>Encantada les ayudar\u00e9 a organizar un coche o un (mini)bus para nuestra visita<\/p>\n<p>[\/et_pb_text][et_pb_button button_url=\u00bbhttps:\/\/www.viennaguide.info\/es\/touren-austria-guides\/\u00bb button_text=\u00bbVen conmigo\u00bb button_alignment=\u00bbcenter\u00bb _builder_version=\u00bb4.20.1&#8243; custom_button=\u00bbon\u00bb button_text_size=\u00bb14px\u00bb button_text_color=\u00bb#ffffff\u00bb button_bg_color=\u00bb#fdb467&#8243; button_border_width=\u00bb8px\u00bb button_border_color=\u00bb#fdb467&#8243; button_border_radius=\u00bb0px\u00bb button_letter_spacing=\u00bb2px\u00bb button_font=\u00bbPoppins|600||on|||||\u00bb button_icon=\u00bb&#x24;||divi||400&#8243; custom_margin=\u00bb40px|||\u00bb locked=\u00bboff\u00bb global_colors_info=\u00bb{}\u00bb button_text_size__hover_enabled=\u00bboff\u00bb button_one_text_size__hover_enabled=\u00bboff\u00bb button_two_text_size__hover_enabled=\u00bboff\u00bb button_text_color__hover_enabled=\u00bboff\u00bb button_one_text_color__hover_enabled=\u00bboff\u00bb button_two_text_color__hover_enabled=\u00bboff\u00bb button_border_width__hover_enabled=\u00bboff\u00bb button_one_border_width__hover_enabled=\u00bboff\u00bb button_two_border_width__hover_enabled=\u00bboff\u00bb button_border_color__hover_enabled=\u00bboff\u00bb button_one_border_color__hover_enabled=\u00bboff\u00bb button_two_border_color__hover_enabled=\u00bboff\u00bb button_border_radius__hover_enabled=\u00bboff\u00bb button_one_border_radius__hover_enabled=\u00bboff\u00bb button_two_border_radius__hover_enabled=\u00bboff\u00bb button_letter_spacing__hover_enabled=\u00bboff\u00bb button_one_letter_spacing__hover_enabled=\u00bboff\u00bb button_two_letter_spacing__hover_enabled=\u00bboff\u00bb button_bg_color__hover_enabled=\u00bboff\u00bb button_one_bg_color__hover_enabled=\u00bboff\u00bb button_two_bg_color__hover_enabled=\u00bboff\u00bb][\/et_pb_button][\/et_pb_column][et_pb_column type=\u00bb3_5&#8243; _builder_version=\u00bb4.22.1&#8243; background_image=\u00bbhttps:\/\/www.viennaguide.info\/wp-content\/uploads\/2023\/08\/albertina-wien-01.jpg\u00bb custom_padding=\u00bb|||\u00bb custom_padding_tablet=\u00bb0px|0px|0px|0px|false|true\u00bb custom_padding_phone=\u00bb0px|0px|0px|0px|false|true\u00bb custom_padding_last_edited=\u00bbon|phone\u00bb global_colors_info=\u00bb{}\u00bb custom_padding__hover=\u00bb|||\u00bb][et_pb_image src=\u00bbhttps:\/\/www.viennaguide.info\/wp-content\/uploads\/2023\/08\/albertina-wien-01.jpg\u00bb title_text=\u00bbalbertina-wien-01&#8243; disabled_on=\u00bboff|off|on\u00bb _builder_version=\u00bb4.22.1&#8243; _module_preset=\u00bbdefault\u00bb global_colors_info=\u00bb{}\u00bb][\/et_pb_image][\/et_pb_column][\/et_pb_row][et_pb_row column_structure=\u00bb1_2,1_2&#8243; use_custom_gutter=\u00bbon\u00bb gutter_width=\u00bb0&#8243; make_equal=\u00bbon\u00bb custom_padding_last_edited=\u00bbon|phone\u00bb admin_label=\u00bbAbout Area\u00bb _builder_version=\u00bb4.22.2&#8243; width=\u00bb100%\u00bb max_width=\u00bb100%\u00bb module_alignment=\u00bbcenter\u00bb min_height_tablet=\u00bb\u00bb min_height_phone=\u00bb\u00bb min_height_last_edited=\u00bbon|tablet\u00bb custom_margin=\u00bb0px||0px||true|false\u00bb custom_margin_tablet=\u00bb||||false|false\u00bb custom_margin_phone=\u00bb\u00bb custom_margin_last_edited=\u00bbon|tablet\u00bb custom_padding=\u00bb0px||0px||false|false\u00bb custom_padding_tablet=\u00bb\u00bb custom_padding_phone=\u00bb0px||||false|false\u00bb background_last_edited=\u00bbon|phone\u00bb use_custom_width=\u00bbon\u00bb width_unit=\u00bboff\u00bb custom_width_percent=\u00bb100%\u00bb global_colors_info=\u00bb{}\u00bb gutter_width__hover_enabled=\u00bbon|desktop\u00bb gutter_width__hover=\u00bb0&#8243;][et_pb_column type=\u00bb1_2&#8243; _builder_version=\u00bb4.22.2&#8243; background_color=\u00bbgcid-bb3cbde1-3242-4708-af41-1e59ac064a6f\u00bb custom_padding=\u00bb2%||2%||true|false\u00bb custom_padding_tablet=\u00bb3%||3%||true|false\u00bb custom_padding_phone=\u00bb3%||3%||true|false\u00bb custom_padding_last_edited=\u00bbon|phone\u00bb custom_css_main_element=\u00bbdisplay: flex;||flex-direction: column;||justify-content: center;\u00bb global_colors_info=\u00bb{%22gcid-bb3cbde1-3242-4708-af41-1e59ac064a6f%22:%91%22background_color%22%93}\u00bb custom_padding__hover=\u00bb|||\u00bb][et_pb_text admin_label=\u00bbTitle\u00bb _builder_version=\u00bb4.22.2&#8243; text_font=\u00bb||||||||\u00bb header_font=\u00bb||||||||\u00bb header_2_font=\u00bbPoppins|600|||||||\u00bb header_2_text_align=\u00bbcenter\u00bb header_2_font_size=\u00bb36px\u00bb header_2_line_height=\u00bb1.2em\u00bb background_enable_color=\u00bboff\u00bb text_orientation=\u00bbcenter\u00bb max_width=\u00bb550px\u00bb module_alignment=\u00bbcenter\u00bb custom_margin=\u00bb||0px|\u00bb custom_padding=\u00bb|||\u00bb animation_direction=\u00bbbottom\u00bb global_colors_info=\u00bb{%22gcid-95a1100f-d76e-4c5b-920b-d4740e330923%22:%91%22background_color%22%93}\u00bb]<\/p>\n<h2>SOBRE M\u00cd<\/h2>\n<p>[\/et_pb_text][et_pb_divider divider_position=\u00bbcenter\u00bb divider_weight=\u00bb3px\u00bb _builder_version=\u00bb4.20.1&#8243; max_width=\u00bb50px\u00bb module_alignment=\u00bbcenter\u00bb animation_direction=\u00bbtop\u00bb global_colors_info=\u00bb{}\u00bb][\/et_pb_divider][et_pb_text _builder_version=\u00bb4.22.2&#8243; text_font=\u00bb||||||||\u00bb text_text_color=\u00bb#000000&#8243; text_line_height=\u00bb1.8em\u00bb text_orientation=\u00bbcenter\u00bb max_width=\u00bb570px\u00bb module_alignment=\u00bbcenter\u00bb custom_margin=\u00bb25px|||\u00bb global_colors_info=\u00bb{}\u00bb]<\/p>\n<p>\u00a1Conmigo descubrir\u00e1n Viena a trav\u00e9s de an\u00e9cdotas y hechos hist\u00f3ricos! Porque la historia vive y conecta, no s\u00f3lo lo viejo con lo nuevo, sino tambi\u00e9n las personas y las naciones entre s\u00ed. <\/p>\n<p>[\/et_pb_text][et_pb_button button_url=\u00bbhttps:\/\/www.viennaguide.info\/es\/su-guia-mas-sobre-mi\/\u00bb button_text=\u00bbM\u00e1s sobre m\u00ed\u00bb button_alignment=\u00bbcenter\u00bb _builder_version=\u00bb4.20.1&#8243; custom_button=\u00bbon\u00bb button_text_size=\u00bb14px\u00bb button_text_color=\u00bb#ffffff\u00bb button_bg_color=\u00bb#fdb467&#8243; button_border_width=\u00bb8px\u00bb button_border_color=\u00bb#fdb467&#8243; button_border_radius=\u00bb0px\u00bb button_letter_spacing=\u00bb2px\u00bb button_font=\u00bbPoppins|600||on|||||\u00bb button_icon=\u00bb&#x24;||divi||400&#8243; custom_margin=\u00bb20px|||\u00bb locked=\u00bboff\u00bb global_colors_info=\u00bb{}\u00bb button_text_size__hover_enabled=\u00bboff\u00bb button_one_text_size__hover_enabled=\u00bboff\u00bb button_two_text_size__hover_enabled=\u00bboff\u00bb button_text_color__hover_enabled=\u00bboff\u00bb button_one_text_color__hover_enabled=\u00bboff\u00bb button_two_text_color__hover_enabled=\u00bboff\u00bb button_border_width__hover_enabled=\u00bboff\u00bb button_one_border_width__hover_enabled=\u00bboff\u00bb button_two_border_width__hover_enabled=\u00bboff\u00bb button_border_color__hover_enabled=\u00bboff\u00bb button_one_border_color__hover_enabled=\u00bboff\u00bb button_two_border_color__hover_enabled=\u00bboff\u00bb button_border_radius__hover_enabled=\u00bboff\u00bb button_one_border_radius__hover_enabled=\u00bboff\u00bb button_two_border_radius__hover_enabled=\u00bboff\u00bb button_letter_spacing__hover_enabled=\u00bboff\u00bb button_one_letter_spacing__hover_enabled=\u00bboff\u00bb button_two_letter_spacing__hover_enabled=\u00bboff\u00bb button_bg_color__hover_enabled=\u00bboff\u00bb button_one_bg_color__hover_enabled=\u00bboff\u00bb button_two_bg_color__hover_enabled=\u00bboff\u00bb][\/et_pb_button][\/et_pb_column][et_pb_column type=\u00bb1_2&#8243; disabled_on=\u00bboff|off|off\u00bb _builder_version=\u00bb4.22.2&#8243; background_color=\u00bbgcid-bb3cbde1-3242-4708-af41-1e59ac064a6f\u00bb background_enable_image=\u00bboff\u00bb vertical_offset=\u00bb0px\u00bb horizontal_offset=\u00bb0px\u00bb custom_padding=\u00bb1%|0px|1%|0px|true|false\u00bb custom_padding_tablet=\u00bb||||true|true\u00bb custom_padding_phone=\u00bb1%|1%|1%|1%|true|true\u00bb custom_padding_last_edited=\u00bbon|phone\u00bb background_last_edited=\u00bbon|desktop\u00bb background_enable_image_tablet=\u00bboff\u00bb background_enable_image_phone=\u00bboff\u00bb global_colors_info=\u00bb{%22gcid-bb3cbde1-3242-4708-af41-1e59ac064a6f%22:%91%22background_color%22%93}\u00bb custom_padding__hover=\u00bb|||\u00bb][et_pb_divider divider_position=\u00bbcenter\u00bb divider_weight=\u00bb3px\u00bb disabled_on=\u00bboff|off|off\u00bb _builder_version=\u00bb4.16&#8243; _module_preset=\u00bbdefault\u00bb width=\u00bb95%\u00bb module_alignment=\u00bbcenter\u00bb overflow-x=\u00bbvisible\u00bb overflow-y=\u00bbvisible\u00bb custom_margin=\u00bb3px||3px||true|true\u00bb custom_padding=\u00bb0px||0px||true|false\u00bb custom_padding_tablet=\u00bb\u00bb custom_padding_phone=\u00bb||||false|true\u00bb custom_padding_last_edited=\u00bbon|phone\u00bb global_colors_info=\u00bb{}\u00bb][\/et_pb_divider][et_pb_image src=\u00bbhttps:\/\/www.viennaguide.info\/wp-content\/uploads\/2023\/08\/volksgarten-portrait.jpg\u00bb title_text=\u00bbvolksgarten-portrait\u00bb align=\u00bbcenter\u00bb _builder_version=\u00bb4.22.0&#8243; _module_preset=\u00bbdefault\u00bb global_colors_info=\u00bb{}\u00bb][\/et_pb_image][et_pb_divider divider_position=\u00bbcenter\u00bb divider_weight=\u00bb3px\u00bb disabled_on=\u00bboff|off|off\u00bb _builder_version=\u00bb4.16&#8243; _module_preset=\u00bbdefault\u00bb width=\u00bb95%\u00bb module_alignment=\u00bbcenter\u00bb min_height_last_edited=\u00bboff|desktop\u00bb overflow-x=\u00bbvisible\u00bb overflow-y=\u00bbvisible\u00bb custom_margin=\u00bb3px||3px||true|true\u00bb custom_padding=\u00bb0px||0px||true|false\u00bb custom_padding_tablet=\u00bb\u00bb custom_padding_phone=\u00bb||||false|true\u00bb custom_padding_last_edited=\u00bbon|phone\u00bb global_colors_info=\u00bb{}\u00bb][\/et_pb_divider][\/et_pb_column][\/et_pb_row][\/et_pb_section][et_pb_section fb_built=\u00bb1&#8243; admin_label=\u00bbTouren Section\u00bb _builder_version=\u00bb4.22.2&#8243; background_color=\u00bb#000000&#8243; custom_margin=\u00bb0px||0px||true|false\u00bb custom_padding=\u00bb0px||0px|\u00bb global_colors_info=\u00bb{}\u00bb][\/et_pb_section]<\/p>\n","protected":false},"excerpt":{"rendered":"<p>VisitaTanto se visita Viena individualmente como en grupo, le acompa\u00f1ar\u00e9 con mucho gusto por los museos cl\u00e1sicos o si lo prefiere por los lugares m\u00e1s escondidos. Adem\u00e1s, dependiendo de sus intereses personales podemos elaborar sus visitas o tambi\u00e9n crear juntos visitas regalo para familiares, amigos o compa\u00f1eros. Encantada les ayudar\u00e9 a organizar un coche [&hellip;]<\/p>\n","protected":false},"author":1,"featured_media":0,"parent":0,"menu_order":10,"comment_status":"closed","ping_status":"closed","template":"","meta":{"_et_pb_use_builder":"on","_et_pb_old_content":"","_et_gb_content_width":"","footnotes":""},"class_list":["post-26876","page","type-page","status-publish","hentry"],"_links":{"self":[{"href":"https:\/\/www.viennaguide.info\/es\/wp-json\/wp\/v2\/pages\/26876","targetHints":{"allow":["GET"]}}],"collection":[{"href":"https:\/\/www.viennaguide.info\/es\/wp-json\/wp\/v2\/pages"}],"about":[{"href":"https:\/\/www.viennaguide.info\/es\/wp-json\/wp\/v2\/types\/page"}],"author":[{"embeddable":true,"href":"https:\/\/www.viennaguide.info\/es\/wp-json\/wp\/v2\/users\/1"}],"replies":[{"embeddable":true,"href":"https:\/\/www.viennaguide.info\/es\/wp-json\/wp\/v2\/comments?post=26876"}],"version-history":[{"count":82,"href":"https:\/\/www.viennaguide.info\/es\/wp-json\/wp\/v2\/pages\/26876\/revisions"}],"predecessor-version":[{"id":30203,"href":"https:\/\/www.viennaguide.info\/es\/wp-json\/wp\/v2\/pages\/26876\/revisions\/30203"}],"wp:attachment":[{"href":"https:\/\/www.viennaguide.info\/es\/wp-json\/wp\/v2\/media?parent=26876"}],"curies":[{"name":"wp","href":"https:\/\/api.w.org\/{rel}","templated":true}]}}