{"id":26767,"date":"2020-12-30T23:50:09","date_gmt":"2020-12-30T22:50:09","guid":{"rendered":"https:\/\/www.viennaguide.info\/la-mia-biografia\/"},"modified":"2024-04-20T14:11:07","modified_gmt":"2024-04-20T12:11:07","slug":"la-mia-biografia","status":"publish","type":"page","link":"https:\/\/www.viennaguide.info\/it\/la-mia-biografia\/","title":{"rendered":"Sono"},"content":{"rendered":"<p>[et_pb_section fb_built=&#8221;1&#8243; custom_padding_last_edited=&#8221;on|desktop&#8221; admin_label=&#8221;Page Title Section&#8221; _builder_version=&#8221;4.22.0&#8243; use_background_color_gradient=&#8221;on&#8221; background_color_gradient_direction=&#8221;120deg&#8221; background_color_gradient_stops=&#8221;#000000 0%|rgba(0,0,0,0) 100%&#8221; background_color_gradient_overlays_image=&#8221;on&#8221; background_color_gradient_start=&#8221;#000000&#8243; background_color_gradient_end=&#8221;rgba(0,0,0,0)&#8221; background_image=&#8221;https:\/\/www.viennaguide.info\/wp-content\/uploads\/2023\/08\/tourguide-ueber-mich-header.jpg&#8221; background_position=&#8221;center_right&#8221; height_tablet=&#8221;&#8221; height_phone=&#8221;&#8221; height_last_edited=&#8221;on|tablet&#8221; max_height_tablet=&#8221;&#8221; max_height_phone=&#8221;&#8221; max_height_last_edited=&#8221;on|tablet&#8221; custom_padding=&#8221;250px||250px||true|false&#8221; custom_padding_tablet=&#8221;350px||150px||false|false&#8221; custom_padding_phone=&#8221;300px||100px||false|false&#8221; background_last_edited=&#8221;on|phone&#8221; use_background_color_gradient_tablet=&#8221;off&#8221; use_background_color_gradient_phone=&#8221;off&#8221; background_image_phone=&#8221;https:\/\/www.viennaguide.info\/wp-content\/uploads\/2023\/08\/brigitte-roth-1.jpg&#8221; background_enable_image_phone=&#8221;on&#8221; background_position_phone=&#8221;center&#8221; global_colors_info=&#8221;{}&#8221;][et_pb_row _builder_version=&#8221;4.20.1&#8243; _module_preset=&#8221;default&#8221; width=&#8221;100%&#8221; max_width=&#8221;80%&#8221; global_colors_info=&#8221;{}&#8221;][et_pb_column type=&#8221;4_4&#8243; _builder_version=&#8221;4.20.1&#8243; _module_preset=&#8221;default&#8221; global_colors_info=&#8221;{}&#8221;][et_pb_text admin_label=&#8221;Dr. Brigitte Roth, Austria Guide&#8221; _builder_version=&#8221;4.20.1&#8243; _module_preset=&#8221;default&#8221; header_font=&#8221;|600||||on|||&#8221; header_text_color=&#8221;#FFFFFF&#8221; header_font_size=&#8221;60px&#8221; header_font_size_tablet=&#8221;30px&#8221; header_font_size_phone=&#8221;24px&#8221; header_font_size_last_edited=&#8221;on|phone&#8221; global_colors_info=&#8221;{}&#8221;]<\/p>\n<h1>Dr. Brigitte Roth<br \/>Austria Guide<\/h1>\n<p>[\/et_pb_text][\/et_pb_column][\/et_pb_row][\/et_pb_section][et_pb_section fb_built=&#8221;1&#8243; admin_label=&#8221;About Us Section&#8221; _builder_version=&#8221;4.16&#8243; background_color=&#8221;#efe9e4&#8243; min_height_tablet=&#8221;&#8221; min_height_phone=&#8221;&#8221; min_height_last_edited=&#8221;on|desktop&#8221; custom_padding=&#8221;100px||100px|&#8221; global_colors_info=&#8221;{}&#8221;][et_pb_row admin_label=&#8221;About Us Area&#8221; _builder_version=&#8221;4.16&#8243; global_colors_info=&#8221;{}&#8221;][et_pb_column type=&#8221;4_4&#8243; _builder_version=&#8221;4.16&#8243; custom_padding=&#8221;|||&#8221; global_colors_info=&#8221;{}&#8221; custom_padding__hover=&#8221;|||&#8221;][et_pb_text admin_label=&#8221;Title&#8221; _builder_version=&#8221;4.22.1&#8243; text_font=&#8221;Poppins|||||on|||&#8221; header_font=&#8221;||||||||&#8221; header_2_font=&#8221;|600||||on|||&#8221; header_2_text_align=&#8221;center&#8221; header_2_font_size=&#8221;40px&#8221; header_2_line_height=&#8221;1.2em&#8221; max_width=&#8221;525px&#8221; module_alignment=&#8221;center&#8221; custom_margin=&#8221;||0px|&#8221; global_colors_info=&#8221;{}&#8221;]<\/p>\n<h2>La sua guida<\/h2>\n<p>[\/et_pb_text][et_pb_divider divider_position=&#8221;center&#8221; divider_weight=&#8221;3px&#8221; _builder_version=&#8221;4.20.1&#8243; max_width=&#8221;50px&#8221; module_alignment=&#8221;center&#8221; custom_margin=&#8221;|||&#8221; animation_direction=&#8221;top&#8221; global_colors_info=&#8221;{}&#8221;][\/et_pb_divider][et_pb_text _builder_version=&#8221;4.22.1&#8243; text_font=&#8221;||||||||&#8221; text_text_color=&#8221;#666666&#8243; text_line_height=&#8221;1.8em&#8221; text_orientation=&#8221;center&#8221; max_width=&#8221;750px&#8221; module_alignment=&#8221;center&#8221; custom_margin=&#8221;|||&#8221; custom_padding=&#8221;|||&#8221; global_colors_info=&#8221;{}&#8221;]<\/p>\n<p>Nata a Vienna , attiva come guida turistica da pi\u00f9 di 30 anni . Parlo sei lingue , ho esperienza con persone di quasi tutto il mondo ! Amo il mio mestiere e lo faccio con entusiasmo e passione ! Vi voglio raccontare la storia e le storie di questo paese meraviglioso ! Facciamo insieme un tuffo nel passato! La storia collega il vecchio con il nuovo, la storia unisce persone e nazioni\/culture. Nelle mie tours offro una grande variet\u00e1 di visite, anche specifiche su arte, musica etc. Ben volentieri vi far\u00f2 vedere gli angoli pi\u00f9 nascosti di Vienna! Se volete sorprendere amici, parenti, colleghi di lavoro con una visita speciale sar\u00f2 al vostro fianco con idee!   <\/p>\n<p>[\/et_pb_text][\/et_pb_column][\/et_pb_row][\/et_pb_section][et_pb_section fb_built=&#8221;1&#8243; admin_label=&#8221;Our Story Section&#8221; _builder_version=&#8221;4.16&#8243; background_color=&#8221;#efe9e4&#8243; background_color_gradient_direction=&#8221;0deg&#8221; custom_padding=&#8221;100px||0px|&#8221; global_colors_info=&#8221;{}&#8221;][et_pb_row column_structure=&#8221;1_2,1_2&#8243; use_custom_gutter=&#8221;on&#8221; gutter_width=&#8221;0&#8243; make_equal=&#8221;on&#8221; admin_label=&#8221;Our Story Area&#8221; module_class=&#8221; et_pb_row_fullwidth&#8221; _builder_version=&#8221;4.22.2&#8243; background_color=&#8221;#1e1d1c&#8221; width=&#8221;100%&#8221; width_tablet=&#8221;100%&#8221; width_phone=&#8221;&#8221; width_last_edited=&#8221;on|desktop&#8221; max_width=&#8221;100%&#8221; max_width_tablet=&#8221;100%&#8221; max_width_phone=&#8221;&#8221; max_width_last_edited=&#8221;on|desktop&#8221; custom_padding=&#8221;0px||0px|&#8221; hover_enabled=&#8221;0&#8243; custom_css_main_element=&#8221;display:flex;||flex-wrap:wrap;&#8221; make_fullwidth=&#8221;on&#8221; global_colors_info=&#8221;{}&#8221; sticky_enabled=&#8221;0&#8243;][et_pb_column type=&#8221;1_2&#8243; _builder_version=&#8221;4.22.2&#8243; custom_padding=&#8221;||||false|false&#8221; hover_enabled=&#8221;0&#8243; custom_css_main_element=&#8221;order:2;&#8221; global_colors_info=&#8221;{}&#8221; custom_padding__hover=&#8221;|||&#8221; sticky_enabled=&#8221;0&#8243;][et_pb_image src=&#8221;https:\/\/www.viennaguide.info\/wp-content\/uploads\/2023\/08\/mein-weg-uni.jpg&#8221; alt=&#8221;guida turistica&#8221; title_text=&#8221;mein-weg-uni&#8221; force_fullwidth=&#8221;on&#8221; align_tablet=&#8221;center&#8221; align_phone=&#8221;&#8221; align_last_edited=&#8221;on|desktop&#8221; _builder_version=&#8221;4.21.2&#8243; custom_margin=&#8221;-100px|||&#8221; custom_margin_tablet=&#8221;0px|||&#8221; custom_margin_phone=&#8221;&#8221; custom_margin_last_edited=&#8221;on|tablet&#8221; global_colors_info=&#8221;{}&#8221;][\/et_pb_image][\/et_pb_column][et_pb_column type=&#8221;1_2&#8243; _builder_version=&#8221;4.22.2&#8243; custom_padding=&#8221;4%|3%|4%|3%|false|true&#8221; hover_enabled=&#8221;0&#8243; custom_css_main_element=&#8221;display: flex;||flex-direction: column;||justify-content: center;&#8221; global_colors_info=&#8221;{}&#8221; custom_padding__hover=&#8221;|||&#8221; sticky_enabled=&#8221;0&#8243;][et_pb_text admin_label=&#8221;Title&#8221; _builder_version=&#8221;4.20.1&#8243; text_font=&#8221;Poppins|||||on|||&#8221; header_font=&#8221;||||||||&#8221; header_2_font=&#8221;Poppins|600||||on|||&#8221; header_2_font_size=&#8221;43px&#8221; header_2_line_height=&#8221;1.2em&#8221; background_layout=&#8221;dark&#8221; max_width=&#8221;750px&#8221; animation_direction=&#8221;left&#8221; global_colors_info=&#8221;{}&#8221;]<\/p>\n<h2>Mio percorso<\/h2>\n<p>[\/et_pb_text][et_pb_divider divider_position=&#8221;center&#8221; divider_weight=&#8221;3px&#8221; _builder_version=&#8221;4.20.1&#8243; max_width=&#8221;50px&#8221; global_colors_info=&#8221;{}&#8221;][\/et_pb_divider][et_pb_text _builder_version=&#8221;4.22.1&#8243; text_font=&#8221;||||||||&#8221; text_text_color=&#8221;rgba(255,255,255,0.7)&#8221; text_line_height=&#8221;1.8em&#8221; max_width=&#8221;750px&#8221; custom_margin=&#8221;25px|||&#8221; animation_direction=&#8221;left&#8221; global_colors_info=&#8221;{}&#8221;]<\/p>\n<p>Sono laureata in storia e storia dell\u2019arte e ho seguito una profonda formazione in ambito turistico! <\/p>\n<p>Lavoro non solo come guida , ma occasionalmente, tengo anche lezioni d\u2019arte e storia o lavoro per i media ( TV o Radio) Ben volentieri posso aiutarvi, nella programmazione del vostro soggiorno . Sar\u00f2 il vostro angelo custode !<\/p>\n<p>Sono guida turistica in Austria, ma accompagno anche nei paesi confinantI.<\/p>\n<p>Lavoro non solo come guida , ma occasionalmente, tengo anche lezioni d\u2019arte e storia o lavoro per i media ( TV o Radio)<\/p>\n<p>[\/et_pb_text][\/et_pb_column][\/et_pb_row][\/et_pb_section][et_pb_section fb_built=&#8221;1&#8243; admin_label=&#8221;Our Story Section&#8221; _builder_version=&#8221;4.16&#8243; background_color=&#8221;#efe9e4&#8243; background_color_gradient_direction=&#8221;0deg&#8221; custom_padding=&#8221;0px||0px|&#8221; global_colors_info=&#8221;{}&#8221;][et_pb_row column_structure=&#8221;1_2,1_2&#8243; use_custom_gutter=&#8221;on&#8221; gutter_width=&#8221;0&#8243; make_equal=&#8221;on&#8221; admin_label=&#8221;Our Story Area&#8221; module_class=&#8221; et_pb_row_fullwidth&#8221; _builder_version=&#8221;4.22.2&#8243; background_color=&#8221;#efe9e4&#8243; width=&#8221;100%&#8221; width_tablet=&#8221;100%&#8221; width_phone=&#8221;&#8221; width_last_edited=&#8221;on|desktop&#8221; max_width=&#8221;100%&#8221; max_width_tablet=&#8221;100%&#8221; max_width_phone=&#8221;&#8221; max_width_last_edited=&#8221;on|desktop&#8221; custom_padding=&#8221;0px||0px|&#8221; hover_enabled=&#8221;0&#8243; make_fullwidth=&#8221;on&#8221; global_colors_info=&#8221;{}&#8221; sticky_enabled=&#8221;0&#8243;][et_pb_column type=&#8221;1_2&#8243; _builder_version=&#8221;4.22.2&#8243; custom_padding=&#8221;4%|3%|4%|3%|true|true&#8221; hover_enabled=&#8221;0&#8243; custom_css_main_element=&#8221;display: flex;||flex-direction: column;||justify-content: center;&#8221; global_colors_info=&#8221;{}&#8221; custom_padding__hover=&#8221;|||&#8221; sticky_enabled=&#8221;0&#8243;][et_pb_text admin_label=&#8221;Title&#8221; _builder_version=&#8221;4.22.1&#8243; text_font=&#8221;||||||||&#8221; header_font=&#8221;||||||||&#8221; header_text_color=&#8221;gcid-95a1100f-d76e-4c5b-920b-d4740e330923&#8243; header_2_font=&#8221;|600||||on|||&#8221; header_2_text_color=&#8221;#666666&#8243; header_2_font_size=&#8221;43px&#8221; header_2_line_height=&#8221;1.2em&#8221; background_layout=&#8221;dark&#8221; max_width=&#8221;750px&#8221; animation_direction=&#8221;left&#8221; global_colors_info=&#8221;{%22gcid-95a1100f-d76e-4c5b-920b-d4740e330923%22:%91%22header_text_color%22%93}&#8221;]<\/p>\n<h2>Vita personale<\/h2>\n<p>[\/et_pb_text][et_pb_divider divider_position=&#8221;center&#8221; divider_weight=&#8221;3px&#8221; _builder_version=&#8221;4.20.1&#8243; max_width=&#8221;50px&#8221; global_colors_info=&#8221;{}&#8221;][\/et_pb_divider][et_pb_text _builder_version=&#8221;4.22.1&#8243; text_font=&#8221;||||||||&#8221; text_text_color=&#8221;#666666&#8243; text_line_height=&#8221;1.8em&#8221; max_width=&#8221;750px&#8221; custom_margin=&#8221;25px|||&#8221; animation_direction=&#8221;left&#8221; global_colors_info=&#8221;{}&#8221;]<\/p>\n<p>Nel mio tempo libero pratico Yoga , leggo , nuoto , viaggio e mi dedico a mio marito , mia figlia e al mio gatto ! Sono una persona positiva e mi piace scherzare! Vi aspetto ! A presto! <\/p>\n<p>Benvenuti a Vienna<\/p>\n<p>[\/et_pb_text][\/et_pb_column][et_pb_column type=&#8221;1_2&#8243; _builder_version=&#8221;4.22.1&#8243; custom_padding=&#8221;|||&#8221; global_colors_info=&#8221;{}&#8221; custom_padding__hover=&#8221;|||&#8221;][et_pb_image src=&#8221;https:\/\/www.viennaguide.info\/wp-content\/uploads\/2023\/08\/persoenlich.jpg&#8221; title_text=&#8221;pers\u00f6nlich&#8221; force_fullwidth=&#8221;on&#8221; align_tablet=&#8221;center&#8221; align_phone=&#8221;&#8221; align_last_edited=&#8221;on|desktop&#8221; _builder_version=&#8221;4.22.1&#8243; custom_margin_tablet=&#8221;0px|||&#8221; custom_margin_phone=&#8221;&#8221; custom_margin_last_edited=&#8221;on|desktop&#8221; global_colors_info=&#8221;{}&#8221;][\/et_pb_image][\/et_pb_column][\/et_pb_row][\/et_pb_section]<\/p>\n","protected":false},"excerpt":{"rendered":"<p>Dr. Brigitte RothAustria GuideLa sua guidaNata a Vienna , attiva come guida turistica da pi\u00f9 di 30 anni . Parlo sei lingue , ho esperienza con persone di quasi tutto il mondo ! Amo il mio mestiere e lo faccio con entusiasmo e passione ! Vi voglio raccontare la storia e le storie di questo [&hellip;]<\/p>\n","protected":false},"author":1,"featured_media":0,"parent":0,"menu_order":30,"comment_status":"closed","ping_status":"closed","template":"","meta":{"_et_pb_use_builder":"on","_et_pb_old_content":"","_et_gb_content_width":"","footnotes":""},"class_list":["post-26767","page","type-page","status-publish","hentry"],"_links":{"self":[{"href":"https:\/\/www.viennaguide.info\/it\/wp-json\/wp\/v2\/pages\/26767","targetHints":{"allow":["GET"]}}],"collection":[{"href":"https:\/\/www.viennaguide.info\/it\/wp-json\/wp\/v2\/pages"}],"about":[{"href":"https:\/\/www.viennaguide.info\/it\/wp-json\/wp\/v2\/types\/page"}],"author":[{"embeddable":true,"href":"https:\/\/www.viennaguide.info\/it\/wp-json\/wp\/v2\/users\/1"}],"replies":[{"embeddable":true,"href":"https:\/\/www.viennaguide.info\/it\/wp-json\/wp\/v2\/comments?post=26767"}],"version-history":[{"count":58,"href":"https:\/\/www.viennaguide.info\/it\/wp-json\/wp\/v2\/pages\/26767\/revisions"}],"predecessor-version":[{"id":30225,"href":"https:\/\/www.viennaguide.info\/it\/wp-json\/wp\/v2\/pages\/26767\/revisions\/30225"}],"wp:attachment":[{"href":"https:\/\/www.viennaguide.info\/it\/wp-json\/wp\/v2\/media?parent=26767"}],"curies":[{"name":"wp","href":"https:\/\/api.w.org\/{rel}","templated":true}]}}