{"id":26826,"date":"2023-03-20T19:48:53","date_gmt":"2023-03-20T18:48:53","guid":{"rendered":"https:\/\/www.viennaguide.info\/precos\/"},"modified":"2025-11-27T23:10:26","modified_gmt":"2025-11-27T22:10:26","slug":"precos","status":"publish","type":"page","link":"https:\/\/www.viennaguide.info\/pt-pt\/precos\/","title":{"rendered":"Pre\u00e7os"},"content":{"rendered":"<p>[et_pb_section fb_built=&#8221;1&#8243; _builder_version=&#8221;4.20.2&#8243; _module_preset=&#8221;default&#8221; background_color=&#8221;gcid-f3357dc4-b811-4777-a6d4-e37149087a84&#8243; custom_margin=&#8221;0px||0px||true|false&#8221; custom_padding=&#8221;0px||0px||true|false&#8221; global_colors_info=&#8221;{%22gcid-f3357dc4-b811-4777-a6d4-e37149087a84%22:%91%22background_color%22%93}&#8221;][et_pb_row _builder_version=&#8221;4.20.2&#8243; _module_preset=&#8221;default&#8221; custom_margin=&#8221;0px||0px||true|false&#8221; custom_padding=&#8221;0px||0px||true|false&#8221; global_colors_info=&#8221;{}&#8221;][et_pb_column type=&#8221;4_4&#8243; _builder_version=&#8221;4.20.2&#8243; _module_preset=&#8221;default&#8221; global_colors_info=&#8221;{}&#8221;][et_pb_text admin_label=&#8221;Preise Vienna Guide&#8221; _builder_version=&#8221;4.20.2&#8243; _module_preset=&#8221;default&#8221; text_font=&#8221;Poppins|||||on|||&#8221; header_font=&#8221;|600||||on|||&#8221; header_font_size=&#8221;50px&#8221; header_line_height=&#8221;1.2em&#8221; background_layout=&#8221;dark&#8221; module_alignment=&#8221;left&#8221; custom_padding=&#8221;30px||20px||false|false&#8221; animation_style=&#8221;fade&#8221; animation_duration=&#8221;500ms&#8221; header_font_size_tablet=&#8221;30px&#8221; header_font_size_phone=&#8221;30px&#8221; header_font_size_last_edited=&#8221;on|desktop&#8221; global_colors_info=&#8221;{%22gcid-a373ad0d-afa2-4fcc-a98c-a1077612b308%22:%91%22header_text_color%22%93}&#8221;]<\/p>\n<h1>Pre\u00e7os Vienna Guide<br \/>Dr. Brigitte Roth<\/h1>\n<p>[\/et_pb_text][\/et_pb_column][\/et_pb_row][\/et_pb_section][et_pb_section fb_built=&#8221;1&#8243; admin_label=&#8221;Get In Touch Section&#8221; _builder_version=&#8221;4.16&#8243; background_color=&#8221;#1e1d1c&#8221; custom_padding=&#8221;75px||75px||true|false&#8221; global_colors_info=&#8221;{}&#8221;][et_pb_row admin_label=&#8221;Get In Touch Area&#8221; _builder_version=&#8221;4.20.2&#8243; module_alignment=&#8221;center&#8221; custom_padding=&#8221;||10px|&#8221; global_colors_info=&#8221;{}&#8221;][et_pb_column type=&#8221;4_4&#8243; _builder_version=&#8221;4.16&#8243; custom_padding=&#8221;|||&#8221; global_colors_info=&#8221;{}&#8221; custom_padding__hover=&#8221;|||&#8221;][et_pb_text admin_label=&#8221;Preise f\u00fcr meine Touren&#8221; _builder_version=&#8221;4.20.4&#8243; _module_preset=&#8221;default&#8221; link_text_color=&#8221;gcid-f3357dc4-b811-4777-a6d4-e37149087a84&#8243; header_2_text_color=&#8221;gcid-a373ad0d-afa2-4fcc-a98c-a1077612b308&#8243; header_3_text_color=&#8221;gcid-a373ad0d-afa2-4fcc-a98c-a1077612b308&#8243; custom_padding=&#8221;0px|||||&#8221; global_colors_info=&#8221;{%22gcid-f3357dc4-b811-4777-a6d4-e37149087a84%22:%91%22link_text_color%22,%22link_text_color__hover%22%93,%22gcid-a373ad0d-afa2-4fcc-a98c-a1077612b308%22:%91%22header_2_text_color%22,%22header_3_text_color%22%93}&#8221; link_text_color__hover_enabled=&#8221;on|hover&#8221; link_text_color__hover=&#8221;#fdb467&#8243;]<\/p>\n<h2>Pre\u00e7os dos meus passeios<\/h2>\n<p><strong>Tour<span>\u00a0<\/span>2-3 horas:<\/strong> \u20ac 250.-<br \/><strong>Tour<span>\u00a0<\/span>4 horas:<\/strong> \u20ac 340.-<br \/><strong>Tour<span>\u00a0<\/span>8 horas:<\/strong> \u20ac 680.-<br \/><strong>Tour<span>\u00a0<\/span>10 horas:<\/strong> \u20ac 840.-<br \/><strong>Hora adicional:<\/strong> \u20ac 90.-<\/p>\n<p>Excurs\u00f5es de v\u00e1rios dias, est\u00e3o sujeitas a consulta pr\u00e9via e de grupos de estudiantes a pedido.<\/p>\n<p>Os pre\u00e7os dos \u201ctours\u201d n\u00e3o inclui outras despesas adicionais como tickets de entrada, taxas de estacionamento, transporte etc.<br \/>Os pagamentos s\u00e3o feitos em dinheiro anticipadamente.<\/p>\n<p>[\/et_pb_text][et_pb_text admin_label=&#8221;Stornobedingungen&#8221; _builder_version=&#8221;4.20.2&#8243; _module_preset=&#8221;default&#8221; link_text_color=&#8221;gcid-f3357dc4-b811-4777-a6d4-e37149087a84&#8243; header_2_text_color=&#8221;gcid-a373ad0d-afa2-4fcc-a98c-a1077612b308&#8243; header_3_text_color=&#8221;gcid-a373ad0d-afa2-4fcc-a98c-a1077612b308&#8243; custom_margin=&#8221;50px||||false|false&#8221; global_colors_info=&#8221;{%22gcid-f3357dc4-b811-4777-a6d4-e37149087a84%22:%91%22link_text_color%22,%22link_text_color__hover%22%93,%22gcid-a373ad0d-afa2-4fcc-a98c-a1077612b308%22:%91%22header_2_text_color%22,%22header_3_text_color%22%93}&#8221; link_text_color__hover_enabled=&#8221;on|hover&#8221; link_text_color__hover=&#8221;#fdb467&#8243;]<\/p>\n<h2>Reglas de cancelaci\u00f3n<\/h2>\n<p>At\u00e9 duas semanas antes da data: 0%<br \/>14-3 dias antes: 50%<br \/>3 dias ou menos: 100%<\/p>\n<p>[\/et_pb_text][\/et_pb_column][\/et_pb_row][\/et_pb_section]<\/p>\n","protected":false},"excerpt":{"rendered":"<p>Pre\u00e7os Vienna GuideDr. Brigitte RothPre\u00e7os dos meus passeios Tour\u00a02-3 horas: \u20ac 250.-Tour\u00a04 horas: \u20ac 340.-Tour\u00a08 horas: \u20ac 680.-Tour\u00a010 horas: \u20ac 840.-Hora adicional: \u20ac 90.- Excurs\u00f5es de v\u00e1rios dias, est\u00e3o sujeitas a consulta pr\u00e9via e de grupos de estudiantes a pedido. Os pre\u00e7os dos \u201ctours\u201d n\u00e3o inclui outras despesas adicionais como tickets de entrada, taxas de [&hellip;]<\/p>\n","protected":false},"author":1,"featured_media":0,"parent":0,"menu_order":40,"comment_status":"closed","ping_status":"closed","template":"","meta":{"_et_pb_use_builder":"on","_et_pb_old_content":"","_et_gb_content_width":"","footnotes":""},"class_list":["post-26826","page","type-page","status-publish","hentry"],"_links":{"self":[{"href":"https:\/\/www.viennaguide.info\/pt-pt\/wp-json\/wp\/v2\/pages\/26826","targetHints":{"allow":["GET"]}}],"collection":[{"href":"https:\/\/www.viennaguide.info\/pt-pt\/wp-json\/wp\/v2\/pages"}],"about":[{"href":"https:\/\/www.viennaguide.info\/pt-pt\/wp-json\/wp\/v2\/types\/page"}],"author":[{"embeddable":true,"href":"https:\/\/www.viennaguide.info\/pt-pt\/wp-json\/wp\/v2\/users\/1"}],"replies":[{"embeddable":true,"href":"https:\/\/www.viennaguide.info\/pt-pt\/wp-json\/wp\/v2\/comments?post=26826"}],"version-history":[{"count":14,"href":"https:\/\/www.viennaguide.info\/pt-pt\/wp-json\/wp\/v2\/pages\/26826\/revisions"}],"predecessor-version":[{"id":30287,"href":"https:\/\/www.viennaguide.info\/pt-pt\/wp-json\/wp\/v2\/pages\/26826\/revisions\/30287"}],"wp:attachment":[{"href":"https:\/\/www.viennaguide.info\/pt-pt\/wp-json\/wp\/v2\/media?parent=26826"}],"curies":[{"name":"wp","href":"https:\/\/api.w.org\/{rel}","templated":true}]}}